{"id":98,"date":"2024-10-15T18:46:06","date_gmt":"2024-10-15T16:46:06","guid":{"rendered":"https:\/\/www.seelenkreis.at\/?page_id=98"},"modified":"2024-11-03T21:19:26","modified_gmt":"2024-11-03T20:19:26","slug":"uber-mich","status":"publish","type":"page","link":"https:\/\/www.seelenkreis.at\/?page_id=98","title":{"rendered":"\u00dcber mich"},"content":{"rendered":"\n<figure class=\"wp-block-image size-large\"><img loading=\"lazy\" decoding=\"async\" width=\"683\" height=\"1024\" src=\"https:\/\/www.seelenkreis.at\/wp-content\/uploads\/2024\/10\/IMG_7511-1-683x1024.jpg\" alt=\"\" class=\"wp-image-84\" style=\"aspect-ratio:16\/9;object-fit:cover\" srcset=\"https:\/\/www.seelenkreis.at\/wp-content\/uploads\/2024\/10\/IMG_7511-1-683x1024.jpg 683w, https:\/\/www.seelenkreis.at\/wp-content\/uploads\/2024\/10\/IMG_7511-1-200x300.jpg 200w, https:\/\/www.seelenkreis.at\/wp-content\/uploads\/2024\/10\/IMG_7511-1-768x1152.jpg 768w, https:\/\/www.seelenkreis.at\/wp-content\/uploads\/2024\/10\/IMG_7511-1-1024x1536.jpg 1024w, https:\/\/www.seelenkreis.at\/wp-content\/uploads\/2024\/10\/IMG_7511-1-1365x2048.jpg 1365w, https:\/\/www.seelenkreis.at\/wp-content\/uploads\/2024\/10\/IMG_7511-1-scaled.jpg 1707w\" sizes=\"auto, (max-width: 683px) 100vw, 683px\" \/><\/figure>\n\n\n\n<p>Seit ich mich erinnern kann, f\u00fchle ich mich mit der unsichtbaren Welt verbunden. Von klein auf besch\u00e4ftigte ich mich mit nicht allt\u00e4glichen Fragen. Aufgrund dieser Fragen machte ich einige spirituelle und nicht spirituelle Ausbildungen. Inzwischen durften sich schon einige Kreise schlie\u00dfen und somit etliche Antworten gefunden werden. Die schamanische Arbeit mit und ohne Pferd, l\u00e4sst mein Herz h\u00f6her schlagen. Dadurch darf ich Menschen ein St\u00fcck weit begleiten, um auch einige ihrer Kreise zu schlie\u00dfen. Somit auch wieder mehr ein Teil ihrer Natur zu werden und in die Eigenverantwortung zu kommen.<\/p>\n\n\n\n<p><\/p>\n\n\n\n<p><strong>Meine wichtigsten Stationen:<\/strong><\/p>\n\n\n\n<figure class=\"wp-block-table is-style-stripes\"><table class=\"has-fixed-layout\"><tbody><tr><td>2013-2015\u00a0\u00a0\u00a0\u00a0\u00a0\u00a0\u00a0\u00a0\u00a0\u00a0<\/td><td>Sigrid Sutter\u00a0\u00a0\u00a0\u00a0\u00a0\u00a0\u00a0<\/td><td>Energetische Balance<\/td><\/tr><tr><td>2016-2018\u00a0<\/td><td>Alexandra Rieger<\/td><td>Raidho healing horses<\/td><\/tr><tr><td>2018<\/td><td>Vitalakademie<\/td><td>Mentaltrainer\/in<\/td><\/tr><tr><td>2022-2023<\/td><td>IACFS Schamanismus<\/td><td>Practitionier<\/td><\/tr><tr><td>2023-2024<\/td><td>IACFS Schamanismus<\/td><td>Master<\/td><\/tr><tr><td>2023-2024<\/td><td>Alexandra Rieger<\/td><td>Spiritualit\u00e4t mit Pferden<\/td><\/tr><tr><td>2023-2024<\/td><td>Alexandra Rieger<\/td><td>Chakrahealing<\/td><\/tr><tr><td>2024\u00a0<\/td><td>Storl Akademie\u00a0<\/td><td>Europ\u00e4ische R\u00e4ucherkunde<\/td><\/tr><tr><td>2024-2025<\/td><td>IACFS Schamanismus<\/td><td>Leader<\/td><\/tr><tr><td>2024<\/td><td>Schamanische Eibehandlung<\/td><td>Schamanische Eibehandlung<\/td><\/tr><\/tbody><\/table><\/figure>\n\n\n\n<div class=\"wp-block-buttons is-layout-flex wp-block-buttons-is-layout-flex\">\n<div class=\"wp-block-button\"><a class=\"wp-block-button__link wp-element-button\" href=\"https:\/\/www.seelenkreis.at\/?page_id=56\">Kontakt<\/a><\/div>\n<\/div>\n\n\n\n<p><\/p>\n","protected":false},"excerpt":{"rendered":"<p>Seit ich mich erinnern kann, f\u00fchle ich mich mit der unsichtbaren Welt verbunden. Von klein auf besch\u00e4ftigte ich mich mit nicht allt\u00e4glichen Fragen. Aufgrund dieser Fragen machte ich einige spirituelle und nicht spirituelle Ausbildungen. Inzwischen durften sich schon einige Kreise schlie\u00dfen und somit etliche Antworten gefunden werden. Die schamanische Arbeit mit und ohne Pferd, l\u00e4sst [&hellip;]<\/p>\n","protected":false},"author":1,"featured_media":71,"parent":0,"menu_order":0,"comment_status":"closed","ping_status":"closed","template":"","meta":{"footnotes":""},"class_list":["post-98","page","type-page","status-publish","has-post-thumbnail","hentry"],"jetpack_sharing_enabled":true,"_links":{"self":[{"href":"https:\/\/www.seelenkreis.at\/index.php?rest_route=\/wp\/v2\/pages\/98","targetHints":{"allow":["GET"]}}],"collection":[{"href":"https:\/\/www.seelenkreis.at\/index.php?rest_route=\/wp\/v2\/pages"}],"about":[{"href":"https:\/\/www.seelenkreis.at\/index.php?rest_route=\/wp\/v2\/types\/page"}],"author":[{"embeddable":true,"href":"https:\/\/www.seelenkreis.at\/index.php?rest_route=\/wp\/v2\/users\/1"}],"replies":[{"embeddable":true,"href":"https:\/\/www.seelenkreis.at\/index.php?rest_route=%2Fwp%2Fv2%2Fcomments&post=98"}],"version-history":[{"count":12,"href":"https:\/\/www.seelenkreis.at\/index.php?rest_route=\/wp\/v2\/pages\/98\/revisions"}],"predecessor-version":[{"id":240,"href":"https:\/\/www.seelenkreis.at\/index.php?rest_route=\/wp\/v2\/pages\/98\/revisions\/240"}],"wp:featuredmedia":[{"embeddable":true,"href":"https:\/\/www.seelenkreis.at\/index.php?rest_route=\/wp\/v2\/media\/71"}],"wp:attachment":[{"href":"https:\/\/www.seelenkreis.at\/index.php?rest_route=%2Fwp%2Fv2%2Fmedia&parent=98"}],"curies":[{"name":"wp","href":"https:\/\/api.w.org\/{rel}","templated":true}]}}